{"id":2259,"date":"2025-09-27T19:57:24","date_gmt":"2025-09-27T16:57:24","guid":{"rendered":"https:\/\/axarquia.fi\/?page_id=2259"},"modified":"2025-09-29T15:18:16","modified_gmt":"2025-09-29T12:18:16","slug":"des-projets-fructueux","status":"publish","type":"page","link":"https:\/\/axarquia.fi\/fr\/hedelmallisia-projektejea\/","title":{"rendered":"Des projets fructueux"},"content":{"rendered":"<div data-elementor-type=\"wp-page\" data-elementor-id=\"2259\" class=\"elementor elementor-2259\" data-elementor-post-type=\"page\">\n\t\t\t\t<div class=\"elementor-element elementor-element-c4e443b e-flex e-con-boxed e-con e-parent\" data-id=\"c4e443b\" data-element_type=\"container\" data-e-type=\"container\" data-settings=\"{&quot;background_background&quot;:&quot;classic&quot;,&quot;jet_parallax_layout_list&quot;:[]}\">\n\t\t\t\t\t<div class=\"e-con-inner\">\n\t\t<div class=\"elementor-element elementor-element-323828b e-con-full e-flex e-con e-child\" data-id=\"323828b\" data-element_type=\"container\" data-e-type=\"container\" data-settings=\"{&quot;jet_parallax_layout_list&quot;:[]}\">\n\t\t\t\t<div class=\"elementor-element elementor-element-865416e elementor-widget elementor-widget-heading\" data-id=\"865416e\" data-element_type=\"widget\" data-e-type=\"widget\" data-widget_type=\"heading.default\">\n\t\t\t\t\t<h1 class=\"elementor-heading-title elementor-size-default\">Possibilit\u00e9s de coop\u00e9ration avec la Finlande et id\u00e9es de projets<\/h1>\t\t\t\t<\/div>\n\t\t\t\t<\/div>\n\t\t\t\t\t<\/div>\n\t\t\t\t<\/div>\n\t\t<div class=\"elementor-element elementor-element-1e63c7ba e-flex e-con-boxed e-con e-parent\" data-id=\"1e63c7ba\" data-element_type=\"container\" data-e-type=\"container\" data-settings=\"{&quot;background_background&quot;:&quot;classic&quot;,&quot;jet_parallax_layout_list&quot;:[]}\">\n\t\t\t\t\t<div class=\"e-con-inner\">\n\t\t<div class=\"elementor-element elementor-element-268e5be9 e-con-full e-flex e-con e-child\" data-id=\"268e5be9\" data-element_type=\"container\" data-e-type=\"container\" data-settings=\"{&quot;jet_parallax_layout_list&quot;:[]}\">\n\t\t\t\t<div class=\"elementor-element elementor-element-3402025c elementor-widget elementor-widget-text-editor\" data-id=\"3402025c\" data-element_type=\"widget\" data-e-type=\"widget\" data-widget_type=\"text-editor.default\">\n\t\t\t\t\t\t\t\t\t<p>Voici quelques id\u00e9es de projets fructueux du point de vue d'une entreprise finlandaise :<\/p><ol><li><strong>Gestion de l'eau d'irrigation et technologie de l'eau<\/strong><br \/>- Syst\u00e8mes d'irrigation efficaces, gestion de l'eau, recyclage de l'eau.<br \/>- Pr\u00e9visions m\u00e9t\u00e9orologiques, analyse des risques climatiques.<\/li><li><strong>Innovation et transformation agricoles<\/strong><br \/>- Am\u00e9lioration de la qualit\u00e9, tra\u00e7abilit\u00e9, certification des produits biologiques.<br \/>- Transformation : cong\u00e9lation, mise en conserve, jus de fruits, promotion des exportations.<\/li><li><strong>Tourisme et services touristiques, en particulier durables<\/strong><br \/>- Rural\/lomi pour les touristes nationaux et \u00e9trangers, y compris le \"tourisme lent\".<br \/>- Tourisme culturel, gastronomique, vinicole et zones humides\/naturelles.<br \/>- La num\u00e9risation dans le tourisme : marketing, r\u00e9servations en ligne, exp\u00e9riences virtuelles.<\/li><li><strong>Strat\u00e9gies de marque et de marketing pour les produits<\/strong><br \/>- Des marques comme \"Sabor a M\u00e1laga\".<br \/>- Financement de l'UE pour l'exportation\/l'exposition.<\/li><li><strong>\u00c9conomie bleue \/ solutions pr\u00e8s de la mer<\/strong><br \/>- Aquaculture, p\u00eache, biotechnologie pour les produits marins.<br \/>- Services maritimes : navigation de plaisance, services de restauration et d'h\u00e9bergement dans les zones c\u00f4ti\u00e8res.<\/li><li><strong>Efficacit\u00e9 \u00e9nerg\u00e9tique et \u00e9nergies renouvelables<\/strong><br \/>- \u00c9nergie solaire, chaleur r\u00e9siduelle, efficacit\u00e9 \u00e9nerg\u00e9tique dans les b\u00e2timents.<br \/>- Petites installations de biogaz pour les exploitations agricoles\/le traitement des d\u00e9chets.<\/li><\/ol><p><strong>Axarqu\u00eda - Cartographie des projets et des partenaires (pour la coop\u00e9ration finlandaise)<\/strong><\/p><p><strong>Des secteurs forts et des opportunit\u00e9s<\/strong><\/p><ul><li><strong>Agriculture et cultures sp\u00e9cialis\u00e9es<\/strong>La r\u00e9gion se caract\u00e9rise par la production de fruits et l\u00e9gumes : la mangue et l'avocat sont les produits phares de la r\u00e9gion ; la production d'olives et de sp\u00e9cialit\u00e9s plus modestes (vin, fruits transform\u00e9s) est \u00e9galement importante.<\/li><li><strong>Tourisme (c\u00f4tier + rural)<\/strong>Nerja, Frigiliana et d'autres \"villages blancs\" sont les moteurs ; int\u00e9r\u00eat croissant pour le tourisme durable, rural et d'exp\u00e9rience.<\/li><li><strong>Transformation des aliments et logistique<\/strong>La cha\u00eene du froid, la tra\u00e7abilit\u00e9 et les normes de qualit\u00e9 sont des domaines \u00e0 d\u00e9velopper.<\/li><li><strong>Approvisionnement en eau et irrigation<\/strong>La gestion de l'eau et les technologies d'irrigation r\u00e9sistantes \u00e0 la s\u00e9cheresse sont essentielles.<\/li><\/ul>\t\t\t\t\t\t\t\t<\/div>\n\t\t\t\t<\/div>\n\t\t\t\t\t<\/div>\n\t\t\t\t<\/div>\n\t\t\t\t<\/div>","protected":false},"excerpt":{"rendered":"<p>Mahdollisuudet suomalais-yhteisty\u00f6h\u00f6n &amp; projektien ideat T\u00e4ss\u00e4 muutamia ajatuksia siit\u00e4, miss\u00e4 suomalaisen yrityksen n\u00e4k\u00f6kulmasta voisi olla hedelm\u00e4llisi\u00e4 projekteja: Kasteluveden hallinta ja vesiteknologia\u2212 Tehokkaat kasteluj\u00e4rjestelm\u00e4t, vesivarojen hallinta, veden kierr\u00e4tys.\u2212 S\u00e4\u00e4ennuste-, ilmasto-riskianalyysit. Maatalouden innovaatio &amp; jalostus\u2212 Laadun parantaminen, j\u00e4ljitett\u00e4vyys (traceability), orgaanisten \/ luonnonmukaisten tuotteiden sertifiointi.\u2212 Jalostus: pakastaminen, s\u00e4ilykkeet, mehustaminen, vienninedist\u00e4minen. Turismi ja matkailupalvelut, erityisesti kest\u00e4v\u00e4\u2212 Rural\/lomi kotimaisille ja [&hellip;]<\/p>\n","protected":false},"author":1,"featured_media":0,"parent":0,"menu_order":0,"comment_status":"closed","ping_status":"closed","template":"","meta":{"iawp_total_views":13,"footnotes":""},"class_list":["post-2259","page","type-page","status-publish","hentry"],"_links":{"self":[{"href":"https:\/\/axarquia.fi\/fr\/wp-json\/wp\/v2\/pages\/2259","targetHints":{"allow":["GET"]}}],"collection":[{"href":"https:\/\/axarquia.fi\/fr\/wp-json\/wp\/v2\/pages"}],"about":[{"href":"https:\/\/axarquia.fi\/fr\/wp-json\/wp\/v2\/types\/page"}],"author":[{"embeddable":true,"href":"https:\/\/axarquia.fi\/fr\/wp-json\/wp\/v2\/users\/1"}],"replies":[{"embeddable":true,"href":"https:\/\/axarquia.fi\/fr\/wp-json\/wp\/v2\/comments?post=2259"}],"version-history":[{"count":10,"href":"https:\/\/axarquia.fi\/fr\/wp-json\/wp\/v2\/pages\/2259\/revisions"}],"predecessor-version":[{"id":2349,"href":"https:\/\/axarquia.fi\/fr\/wp-json\/wp\/v2\/pages\/2259\/revisions\/2349"}],"wp:attachment":[{"href":"https:\/\/axarquia.fi\/fr\/wp-json\/wp\/v2\/media?parent=2259"}],"curies":[{"name":"wp","href":"https:\/\/api.w.org\/{rel}","templated":true}]}}